{"id":74170,"date":"2025-11-24T00:27:48","date_gmt":"2025-11-24T00:27:48","guid":{"rendered":"https:\/\/www.sportgarage.it\/ersatzteile\/"},"modified":"2026-04-30T15:53:54","modified_gmt":"2026-04-30T15:53:54","slug":"ersatzteile","status":"publish","type":"page","link":"https:\/\/www.sportgarage.it\/de\/ersatzteile\/","title":{"rendered":"ERSATZTEILE"},"content":{"rendered":"<p>[et_pb_section fb_built=&#8220;1&#8243; admin_label=&#8220;section&#8220; _builder_version=&#8220;4.27.4&#8243; background_color=&#8220;#000000&#8243; use_background_color_gradient=&#8220;on&#8220; background_color_gradient_stops=&#8220;rgba(0,0,0,0.46) 0%|rgba(0,0,0,0.69) 60%|rgba(0,0,0,0.93) 100%&#8220; background_color_gradient_overlays_image=&#8220;on&#8220; background_image=&#8220;https:\/\/www.sportgarage.it\/wp-content\/uploads\/2026\/01\/car-engine-2026-01-07-05-38-46-utc.webp&#8220; custom_padding=&#8220;100px||100px||true|false&#8220; locked=&#8220;off&#8220; global_colors_info=&#8220;{}&#8220;][et_pb_row column_structure=&#8220;3_4,1_4&#8243; make_equal=&#8220;on&#8220; _builder_version=&#8220;4.27.4&#8243; width=&#8220;90%&#8220; locked=&#8220;off&#8220; global_colors_info=&#8220;{}&#8220;][et_pb_column type=&#8220;3_4&#8243; _builder_version=&#8220;4.16&#8243; custom_padding=&#8220;|||&#8220; global_colors_info=&#8220;{}&#8220; custom_padding__hover=&#8220;|||&#8220;][et_pb_text _builder_version=&#8220;4.27.6&#8243; text_font=&#8220;&#8211;et_global_body_font||||||||&#8220; text_text_color=&#8220;rgba(255,255,255,0.8)&#8220; text_font_size=&#8220;18px&#8220; text_line_height=&#8220;1.8em&#8220; header_font=&#8220;&#8211;et_global_heading_font|700||on|||||&#8220; header_text_align=&#8220;left&#8220; header_text_color=&#8220;#FFFFFF&#8220; header_font_size=&#8220;60px&#8220; header_letter_spacing=&#8220;0.01em&#8220; header_2_font=&#8220;&#8211;et_global_heading_font|500|||||||&#8220; header_2_text_align=&#8220;left&#8220; header_2_text_color=&#8220;#FFFFFF&#8220; header_2_font_size=&#8220;30px&#8220; header_2_letter_spacing=&#8220;0.01em&#8220; text_orientation=&#8220;center&#8220; max_width=&#8220;800px&#8220; module_alignment=&#8220;left&#8220; custom_margin=&#8220;||20px||false|false&#8220; custom_padding=&#8220;||||false|false&#8220; header_font_size_tablet=&#8220;55px&#8220; header_font_size_phone=&#8220;35px&#8220; header_font_size_last_edited=&#8220;on|phone&#8220; header_letter_spacing_tablet=&#8220;0.01em&#8220; header_letter_spacing_phone=&#8220;0em&#8220; header_letter_spacing_last_edited=&#8220;on|phone&#8220; header_2_font_size_tablet=&#8220;&#8220; header_2_font_size_phone=&#8220;25px&#8220; header_2_font_size_last_edited=&#8220;on|phone&#8220; header_2_letter_spacing_tablet=&#8220;0.01em&#8220; header_2_letter_spacing_phone=&#8220;0em&#8220; header_2_letter_spacing_last_edited=&#8220;on|phone&#8220; header_2_line_height_tablet=&#8220;&#8220; header_2_line_height_phone=&#8220;1.2em&#8220; header_2_line_height_last_edited=&#8220;on|phone&#8220; global_colors_info=&#8220;{}&#8220;]<\/p>\n<h1>Verkauf von Autoersatzteilen<\/h1>\n<p><\/p>\n<h2>Lager f\u00fcr neue und gebrauchte Ersatzteile<\/h2>\n<p>[\/et_pb_text][et_pb_divider divider_weight=&#8220;5px&#8220; _builder_version=&#8220;4.27.4&#8243; _module_preset=&#8220;default&#8220; width=&#8220;150px&#8220; custom_margin=&#8220;0px||0px||true|false&#8220; custom_padding=&#8220;0px||0px||false|false&#8220; global_colors_info=&#8220;{}&#8220;][\/et_pb_divider][et_pb_text _builder_version=&#8220;4.27.4&#8243; text_font=&#8220;&#8211;et_global_body_font||||||||&#8220; text_font_size=&#8220;18px&#8220; text_line_height=&#8220;1.6em&#8220; header_font=&#8220;||||||||&#8220; background_layout=&#8220;dark&#8220; custom_margin=&#8220;|||10vw|false|false&#8220; custom_margin_tablet=&#8220;|0vw||0px&#8220; custom_margin_phone=&#8220;&#8220; custom_margin_last_edited=&#8220;on|tablet&#8220; animation_style=&#8220;slide&#8220; animation_direction=&#8220;left&#8220; animation_intensity_slide=&#8220;10%&#8220; locked=&#8220;off&#8220; global_colors_info=&#8220;{}&#8220;]<\/p>\n<p>Unser Lager f\u00fcr neue und gebrauchte Ersatzteile in Meran bietet ausgew\u00e4hlte und gepr\u00fcfte Komponenten f\u00fcr Fahrzeuge aller Marken. Wir f\u00fchren Original- und kompatible Ersatzteile, die sorgf\u00e4ltig kontrolliert werden, um Zuverl\u00e4ssigkeit und ein gutes Preis-Leistungs-Verh\u00e4ltnis zu gew\u00e4hrleisten. Unser qualifiziertes Personal unterst\u00fctzt Sie bei der Auswahl des passenden Teils und garantiert eine schnelle Lieferung sowie professionelle Beratung.<\/p>\n<p>[\/et_pb_text][\/et_pb_column][et_pb_column type=&#8220;1_4&#8243; _builder_version=&#8220;4.27.4&#8243; custom_padding=&#8220;|||&#8220; custom_css_main_element=&#8220;margin: auto;&#8220; global_colors_info=&#8220;{}&#8220; custom_padding__hover=&#8220;|||&#8220;][et_pb_button button_url=&#8220;@ET-DC@eyJkeW5hbWljIjp0cnVlLCJjb250ZW50IjoicG9zdF9saW5rX3VybF9wYWdlIiwic2V0dGluZ3MiOnsicG9zdF9pZCI6IjQ3In19@&#8220; button_text=&#8220;Kontaktieren Sie uns&#8220; button_alignment=&#8220;center&#8220; _builder_version=&#8220;4.27.4&#8243; _dynamic_attributes=&#8220;button_url&#8220; custom_button=&#8220;on&#8220; button_text_size=&#8220;16px&#8220; button_text_color=&#8220;#000000&#8243; button_bg_color=&#8220;#FAB500&#8243; button_border_width=&#8220;8px&#8220; button_border_color=&#8220;#FAB500&#8243; button_border_radius=&#8220;0px&#8220; button_letter_spacing=&#8220;1px&#8220; button_font=&#8220;&#8211;et_global_heading_font|600||on|||||&#8220; button_icon=&#8220;&#x24;||divi||400&#8243; custom_margin=&#8220;||0px||false|false&#8220; custom_padding=&#8220;|60px||60px||true&#8220; animation_style=&#8220;fold&#8220; box_shadow_style=&#8220;preset2&#8243; box_shadow_horizontal=&#8220;0px&#8220; box_shadow_vertical=&#8220;30px&#8220; box_shadow_blur=&#8220;110px&#8220; box_shadow_spread=&#8220;14px&#8220; box_shadow_color=&#8220;rgba(152,165,181,0.6)&#8220; locked=&#8220;off&#8220; global_colors_info=&#8220;{}&#8220; button_text_size__hover_enabled=&#8220;off&#8220; button_one_text_size__hover_enabled=&#8220;off&#8220; button_two_text_size__hover_enabled=&#8220;off&#8220; button_text_color__hover_enabled=&#8220;on|hover&#8220; button_one_text_color__hover_enabled=&#8220;off&#8220; button_two_text_color__hover_enabled=&#8220;off&#8220; button_border_width__hover_enabled=&#8220;off&#8220; button_one_border_width__hover_enabled=&#8220;off&#8220; button_two_border_width__hover_enabled=&#8220;off&#8220; button_border_color__hover_enabled=&#8220;on|hover&#8220; button_one_border_color__hover_enabled=&#8220;off&#8220; button_two_border_color__hover_enabled=&#8220;off&#8220; button_border_radius__hover_enabled=&#8220;off&#8220; button_one_border_radius__hover_enabled=&#8220;off&#8220; button_two_border_radius__hover_enabled=&#8220;off&#8220; button_letter_spacing__hover_enabled=&#8220;off&#8220; button_one_letter_spacing__hover_enabled=&#8220;off&#8220; button_two_letter_spacing__hover_enabled=&#8220;off&#8220; button_bg_color__hover_enabled=&#8220;on|hover&#8220; button_one_bg_color__hover_enabled=&#8220;off&#8220; button_two_bg_color__hover_enabled=&#8220;off&#8220; button_border_color__hover=&#8220;#FFFFFF&#8220; button_bg_color__hover=&#8220;#FFFFFF&#8220; button_bg_enable_color__hover=&#8220;on&#8220; button_text_color__hover=&#8220;#FAB500&#8243;][\/et_pb_button][\/et_pb_column][\/et_pb_row][\/et_pb_section][et_pb_section fb_built=&#8220;1&#8243; _builder_version=&#8220;4.27.4&#8243; _module_preset=&#8220;default&#8220; global_colors_info=&#8220;{}&#8220;][et_pb_row admin_label=&#8220;Unser Team&#8220; _builder_version=&#8220;4.16&#8243; max_width=&#8220;700px&#8220; module_alignment=&#8220;center&#8220; custom_margin=&#8220;0px|||&#8220; custom_padding=&#8220;|||&#8220; use_custom_width=&#8220;on&#8220; custom_width_px=&#8220;700px&#8220; locked=&#8220;off&#8220; global_colors_info=&#8220;{}&#8220;][et_pb_column type=&#8220;4_4&#8243; _builder_version=&#8220;4.16&#8243; custom_padding=&#8220;|||&#8220; global_colors_info=&#8220;{}&#8220; custom_padding__hover=&#8220;|||&#8220;][et_pb_text admin_label=&#8220;Title&#8220; _builder_version=&#8220;4.27.6&#8243; text_font=&#8220;&#8211;et_global_body_font||||||||&#8220; text_font_size=&#8220;20px&#8220; text_line_height=&#8220;1.6em&#8220; header_font=&#8220;||||||||&#8220; header_2_font=&#8220;&#8211;et_global_heading_font|700||on|||||&#8220; header_2_font_size=&#8220;60px&#8220; header_2_letter_spacing=&#8220;0.01em&#8220; header_3_font=&#8220;&#8211;et_global_heading_font|700||on|||||&#8220; header_3_font_size=&#8220;60px&#8220; header_3_letter_spacing=&#8220;0.01em&#8220; header_3_line_height=&#8220;1.4em&#8220; text_orientation=&#8220;center&#8220; max_width=&#8220;700px&#8220; module_alignment=&#8220;center&#8220; custom_margin=&#8220;||0px|&#8220; header_2_font_size_tablet=&#8220;45px&#8220; header_2_font_size_phone=&#8220;35px&#8220; header_2_font_size_last_edited=&#8220;on|phone&#8220; header_2_letter_spacing_tablet=&#8220;0.01em&#8220; header_2_letter_spacing_phone=&#8220;0em&#8220; header_2_letter_spacing_last_edited=&#8220;on|phone&#8220; header_2_line_height_tablet=&#8220;&#8220; header_2_line_height_phone=&#8220;1.2em&#8220; header_2_line_height_last_edited=&#8220;on|phone&#8220; header_3_font_size_tablet=&#8220;45px&#8220; header_3_font_size_phone=&#8220;35px&#8220; header_3_font_size_last_edited=&#8220;on|phone&#8220; header_3_letter_spacing_tablet=&#8220;0.01em&#8220; header_3_letter_spacing_phone=&#8220;0em&#8220; header_3_letter_spacing_last_edited=&#8220;on|phone&#8220; header_3_line_height_tablet=&#8220;1.4em&#8220; header_3_line_height_phone=&#8220;1.2em&#8220; header_3_line_height_last_edited=&#8220;on|phone&#8220; locked=&#8220;off&#8220; global_colors_info=&#8220;{}&#8220;]<\/p>\n<h2>Autoersatzteile \u2013 neu und gebraucht<\/h2>\n<p>In unserer Ersatzteilabteilung finden Sie eine gro\u00dfe Auswahl an neuen und gebrauchten Autoersatzteilen f\u00fcr Fahrzeuge aller Marken. Wir liefern Original- und kompatible Komponenten, die sorgf\u00e4ltig ausgew\u00e4hlt und gepr\u00fcft werden, um Zuverl\u00e4ssigkeit, Sicherheit und ein gutes Preis-Leistungs-Verh\u00e4ltnis zu gew\u00e4hrleisten.<\/p>\n<p>[\/et_pb_text][\/et_pb_column][\/et_pb_row][et_pb_row use_custom_gutter=&#8220;on&#8220; gutter_width=&#8220;2&#8243; admin_label=&#8220;row&#8220; _builder_version=&#8220;4.27.4&#8243; background_size=&#8220;initial&#8220; background_position=&#8220;top_left&#8220; background_repeat=&#8220;repeat&#8220; global_colors_info=&#8220;{}&#8220;][et_pb_column type=&#8220;4_4&#8243; _builder_version=&#8220;4.16&#8243; custom_padding=&#8220;|||&#8220; hover_enabled=&#8220;0&#8243; global_colors_info=&#8220;{}&#8220; custom_padding__hover=&#8220;|||&#8220; sticky_enabled=&#8220;0&#8243;][et_pb_filterable_portfolio fullwidth=&#8220;off&#8220; posts_number=&#8220;12&#8243; include_categories=&#8220;16,17&#8243; zoom_icon_color=&#8220;RGBA(255,255,255,0)&#8220; hover_overlay_color=&#8220;rgba(0,0,0,0.5)&#8220; hover_icon=&#8220;&#xf3be;||fa||900&#8243; _builder_version=&#8220;4.27.6&#8243; _module_preset=&#8220;default&#8220; title_level=&#8220;h3&#8243; title_font_size=&#8220;20px&#8220; title_line_height=&#8220;1.4em&#8220; filter_font=&#8220;&#8211;et_global_body_font|500||on|||||&#8220; filter_font_size=&#8220;16px&#8220; filter_letter_spacing=&#8220;0.5px&#8220; hover_enabled=&#8220;0&#8243; custom_css_portfolio_image=&#8220;padding-bottom: 15px;&#8220; global_colors_info=&#8220;{}&#8220; sticky_enabled=&#8220;0&#8243;][\/et_pb_filterable_portfolio][\/et_pb_column][\/et_pb_row][\/et_pb_section][et_pb_section fb_built=&#8220;1&#8243; custom_padding_last_edited=&#8220;on|tablet&#8220; _builder_version=&#8220;4.27.4&#8243; _module_preset=&#8220;default&#8220; custom_padding_tablet=&#8220;||0px||false|false&#8220; custom_padding_phone=&#8220;||0px||false|false&#8220; locked=&#8220;off&#8220; global_colors_info=&#8220;{}&#8220;][et_pb_row column_structure=&#8220;1_2,1_2&#8243; admin_label=&#8220;More Info Area&#8220; _builder_version=&#8220;4.27.4&#8243; width=&#8220;90%&#8220; custom_padding=&#8220;0|0px|27px|0px|false|false&#8220; use_custom_width=&#8220;on&#8220; width_unit=&#8220;off&#8220; custom_width_percent=&#8220;78%&#8220; locked=&#8220;off&#8220; global_colors_info=&#8220;{}&#8220;][et_pb_column type=&#8220;1_2&#8243; _builder_version=&#8220;4.27.4&#8243; custom_padding=&#8220;||||false|false&#8220; custom_padding_tablet=&#8220;||50px||false|false&#8220; custom_padding_phone=&#8220;||50px||false|false&#8220; custom_padding_last_edited=&#8220;on|phone&#8220; global_colors_info=&#8220;{}&#8220; custom_padding__hover=&#8220;|||&#8220;][et_pb_text admin_label=&#8220;Title&#8220; _builder_version=&#8220;4.27.4&#8243; text_font=&#8220;&#8211;et_global_body_font||||||||&#8220; text_font_size=&#8220;18px&#8220; text_line_height=&#8220;1.8em&#8220; header_font=&#8220;||||||||&#8220; header_2_font=&#8220;&#8211;et_global_heading_font|700||on|||||&#8220; header_2_font_size=&#8220;60px&#8220; header_2_letter_spacing=&#8220;0.01em&#8220; header_3_font=&#8220;&#8211;et_global_heading_font|700||on|||||&#8220; header_3_font_size=&#8220;50px&#8220; header_3_letter_spacing=&#8220;0.01em&#8220; header_3_line_height=&#8220;1.1em&#8220; max_width=&#8220;800px&#8220; module_alignment=&#8220;center&#8220; custom_margin=&#8220;|||&#8220; header_2_font_size_tablet=&#8220;45px&#8220; header_2_font_size_phone=&#8220;35px&#8220; header_2_font_size_last_edited=&#8220;on|phone&#8220; header_2_letter_spacing_tablet=&#8220;0.01em&#8220; header_2_letter_spacing_phone=&#8220;0em&#8220; header_2_letter_spacing_last_edited=&#8220;on|phone&#8220; header_2_line_height_tablet=&#8220;&#8220; header_2_line_height_phone=&#8220;1.2em&#8220; header_2_line_height_last_edited=&#8220;on|phone&#8220; header_3_font_size_tablet=&#8220;45px&#8220; header_3_font_size_phone=&#8220;30px&#8220; header_3_font_size_last_edited=&#8220;on|phone&#8220; header_3_letter_spacing_tablet=&#8220;0.01em&#8220; header_3_letter_spacing_phone=&#8220;0em&#8220; header_3_letter_spacing_last_edited=&#8220;on|phone&#8220; header_3_line_height_tablet=&#8220;1.1em&#8220; header_3_line_height_phone=&#8220;1.2em&#8220; header_3_line_height_last_edited=&#8220;on|phone&#8220; global_colors_info=&#8220;{}&#8220;]<\/p>\n<h3>Ersatzteillager Sportgarage<\/h3>\n<p>[\/et_pb_text][et_pb_text admin_label=&#8220;Title&#8220; _builder_version=&#8220;4.27.4&#8243; text_font=&#8220;&#8211;et_global_body_font||||||||&#8220; text_font_size=&#8220;18px&#8220; text_line_height=&#8220;1.8em&#8220; header_font=&#8220;||||||||&#8220; header_2_font=&#8220;&#8211;et_global_heading_font|700||on|||||&#8220; header_2_font_size=&#8220;60px&#8220; header_2_letter_spacing=&#8220;0.01em&#8220; header_3_font=&#8220;&#8211;et_global_heading_font|700||on|||||&#8220; header_3_font_size=&#8220;60px&#8220; header_3_letter_spacing=&#8220;0.01em&#8220; max_width=&#8220;800px&#8220; module_alignment=&#8220;center&#8220; custom_margin=&#8220;|||&#8220; header_2_font_size_tablet=&#8220;45px&#8220; header_2_font_size_phone=&#8220;35px&#8220; header_2_font_size_last_edited=&#8220;on|phone&#8220; header_2_letter_spacing_tablet=&#8220;0.01em&#8220; header_2_letter_spacing_phone=&#8220;0em&#8220; header_2_letter_spacing_last_edited=&#8220;on|phone&#8220; header_2_line_height_tablet=&#8220;&#8220; header_2_line_height_phone=&#8220;1.2em&#8220; header_2_line_height_last_edited=&#8220;on|phone&#8220; header_3_font_size_tablet=&#8220;45px&#8220; header_3_font_size_phone=&#8220;35px&#8220; header_3_font_size_last_edited=&#8220;on|phone&#8220; header_3_letter_spacing_tablet=&#8220;0.01em&#8220; header_3_letter_spacing_phone=&#8220;0em&#8220; header_3_letter_spacing_last_edited=&#8220;on|phone&#8220; header_3_line_height_tablet=&#8220;&#8220; header_3_line_height_phone=&#8220;1.2em&#8220; header_3_line_height_last_edited=&#8220;on|phone&#8220; global_colors_info=&#8220;{}&#8220;]<\/p>\n<p>Unser Ersatzteillager liefert Originalteile und Zubeh\u00f6r der FIAT- und RENAULT-Gruppe. Auf Anfrage liefern wir auch nicht originale oder gebrauchte Ersatzteile.<\/p>\n<p>Unser Personal steht Ihnen f\u00fcr jede Anfrage zur Verf\u00fcgung.<\/p>\n<p>Es ist m\u00f6glich, die gew\u00fcnschten Ersatzteile per E-Mail zu bestellen oder uns telefonisch zu kontaktieren. Wir k\u00fcmmern uns um den Rest und informieren Sie, sobald das bestellte Teil bei uns eingetroffen ist.<\/p>\n<p>[\/et_pb_text][et_pb_button button_url=&#8220;@ET-DC@eyJkeW5hbWljIjp0cnVlLCJjb250ZW50IjoicG9zdF9saW5rX3VybF9wYWdlIiwic2V0dGluZ3MiOnsicG9zdF9pZCI6IjQ3In19@&#8220; button_text=&#8220;Angebot anfordern&#8220; _builder_version=&#8220;4.27.4&#8243; _dynamic_attributes=&#8220;button_url&#8220; custom_button=&#8220;on&#8220; button_text_size=&#8220;16px&#8220; button_text_color=&#8220;#000000&#8243; button_bg_color=&#8220;#FAB500&#8243; button_border_width=&#8220;8px&#8220; button_border_color=&#8220;#FAB500&#8243; button_border_radius=&#8220;0px&#8220; button_letter_spacing=&#8220;1px&#8220; button_font=&#8220;&#8211;et_global_heading_font|600||on|||||&#8220; button_icon=&#8220;&#x24;||divi||400&#8243; custom_margin=&#8220;||0px||false|false&#8220; custom_padding=&#8220;|60px||60px||true&#8220; animation_style=&#8220;fold&#8220; box_shadow_style=&#8220;preset2&#8243; box_shadow_horizontal=&#8220;0px&#8220; box_shadow_vertical=&#8220;25px&#8220; box_shadow_blur=&#8220;60px&#8220; box_shadow_spread=&#8220;10px&#8220; box_shadow_color=&#8220;rgba(152,165,181,0.2)&#8220; locked=&#8220;off&#8220; global_colors_info=&#8220;{}&#8220; button_text_size__hover_enabled=&#8220;off&#8220; button_one_text_size__hover_enabled=&#8220;off&#8220; button_two_text_size__hover_enabled=&#8220;off&#8220; button_text_color__hover_enabled=&#8220;on|hover&#8220; button_one_text_color__hover_enabled=&#8220;off&#8220; button_two_text_color__hover_enabled=&#8220;off&#8220; button_border_width__hover_enabled=&#8220;off&#8220; button_one_border_width__hover_enabled=&#8220;off&#8220; button_two_border_width__hover_enabled=&#8220;off&#8220; button_border_color__hover_enabled=&#8220;on|hover&#8220; button_one_border_color__hover_enabled=&#8220;off&#8220; button_two_border_color__hover_enabled=&#8220;off&#8220; button_border_radius__hover_enabled=&#8220;off&#8220; button_one_border_radius__hover_enabled=&#8220;off&#8220; button_two_border_radius__hover_enabled=&#8220;off&#8220; button_letter_spacing__hover_enabled=&#8220;off&#8220; button_one_letter_spacing__hover_enabled=&#8220;off&#8220; button_two_letter_spacing__hover_enabled=&#8220;off&#8220; button_bg_color__hover_enabled=&#8220;on|hover&#8220; button_one_bg_color__hover_enabled=&#8220;off&#8220; button_two_bg_color__hover_enabled=&#8220;off&#8220; button_border_color__hover=&#8220;#FFFFFF&#8220; button_bg_color__hover=&#8220;#FFFFFF&#8220; button_bg_enable_color__hover=&#8220;on&#8220; button_text_color__hover=&#8220;#000000&#8243;][\/et_pb_button][\/et_pb_column][et_pb_column type=&#8220;1_2&#8243; _builder_version=&#8220;4.16&#8243; custom_padding=&#8220;|||&#8220; global_colors_info=&#8220;{}&#8220; custom_padding__hover=&#8220;|||&#8220;][et_pb_text admin_label=&#8220;Title&#8220; _builder_version=&#8220;4.27.4&#8243; text_font=&#8220;&#8211;et_global_body_font||||||||&#8220; text_font_size=&#8220;18px&#8220; text_line_height=&#8220;1.8em&#8220; header_font=&#8220;||||||||&#8220; header_2_font=&#8220;&#8211;et_global_heading_font|700||on|||||&#8220; header_2_font_size=&#8220;60px&#8220; header_2_letter_spacing=&#8220;0.01em&#8220; header_3_font=&#8220;&#8211;et_global_heading_font|700||on|||||&#8220; header_3_font_size=&#8220;60px&#8220; header_3_letter_spacing=&#8220;0.01em&#8220; header_4_font=&#8220;&#8211;et_global_heading_font|700|||||||&#8220; header_4_font_size=&#8220;30px&#8220; header_4_letter_spacing=&#8220;0.01em&#8220; header_4_line_height=&#8220;1.2em&#8220; max_width=&#8220;800px&#8220; module_alignment=&#8220;center&#8220; custom_margin=&#8220;|||&#8220; header_2_font_size_tablet=&#8220;45px&#8220; header_2_font_size_phone=&#8220;35px&#8220; header_2_font_size_last_edited=&#8220;on|phone&#8220; header_2_letter_spacing_tablet=&#8220;0.01em&#8220; header_2_letter_spacing_phone=&#8220;0em&#8220; header_2_letter_spacing_last_edited=&#8220;on|phone&#8220; header_2_line_height_tablet=&#8220;&#8220; header_2_line_height_phone=&#8220;1.2em&#8220; header_2_line_height_last_edited=&#8220;on|phone&#8220; header_3_font_size_tablet=&#8220;45px&#8220; header_3_font_size_phone=&#8220;35px&#8220; header_3_font_size_last_edited=&#8220;on|phone&#8220; header_3_letter_spacing_tablet=&#8220;0.01em&#8220; header_3_letter_spacing_phone=&#8220;0em&#8220; header_3_letter_spacing_last_edited=&#8220;on|phone&#8220; header_3_line_height_tablet=&#8220;&#8220; header_3_line_height_phone=&#8220;1.2em&#8220; header_3_line_height_last_edited=&#8220;on|phone&#8220; header_4_font_size_tablet=&#8220;&#8220; header_4_font_size_phone=&#8220;20px&#8220; header_4_font_size_last_edited=&#8220;on|phone&#8220; header_4_letter_spacing_tablet=&#8220;0.01em&#8220; header_4_letter_spacing_phone=&#8220;0em&#8220; header_4_letter_spacing_last_edited=&#8220;on|phone&#8220; header_4_line_height_tablet=&#8220;1.2em&#8220; header_4_line_height_phone=&#8220;1.2em&#8220; header_4_line_height_last_edited=&#8220;on|phone&#8220; global_colors_info=&#8220;{}&#8220;]<\/p>\n<h4>Kontaktieren Sie uns, um weitere Informationen anzufordern<\/h4>\n<p>[\/et_pb_text][et_pb_text _builder_version=&#8220;4.27.4&#8243; _module_preset=&#8220;default&#8220; text_font=&#8220;&#8211;et_global_body_font||||||||&#8220; text_font_size=&#8220;19px&#8220; text_line_height=&#8220;1.4em&#8220; custom_margin=&#8220;||20px||false|false&#8220; custom_padding=&#8220;||||false|false&#8220; global_colors_info=&#8220;{}&#8220;]<\/p>\n<p><strong>Ersatzteillager<\/strong><\/p>\n<p>[\/et_pb_text][dsm_icon_list icon_gap_width=&#8220;1.3em&#8220; icon_font_size=&#8220;16px&#8220; list_space_between=&#8220;7px&#8220; _builder_version=&#8220;4.27.4&#8243; _module_preset=&#8220;default&#8220; text_text_color=&#8220;#000000&#8243; text_font_size=&#8220;17px&#8220; global_colors_info=&#8220;{}&#8220; text_text_color__hover_enabled=&#8220;on|desktop&#8220; text_text_color__hover=&#8220;#FAB500&#8243;][dsm_icon_list_child text=&#8220;+39 0473 273 310&#8243; font_icon=&#8220;&#xf879;||fa||900&#8243; url=&#8220;tel:+390473273310&#8243; url_new_window=&#8220;on&#8220; _builder_version=&#8220;4.27.4&#8243; _module_preset=&#8220;default&#8220; text_text_color=&#8220;#000000&#8243; global_colors_info=&#8220;{}&#8220; text_text_color__hover_enabled=&#8220;on|desktop&#8220; text_text_color__hover=&#8220;#000000&#8243;][\/dsm_icon_list_child][dsm_icon_list_child text=&#8220;ricambi@sportgarage.it&#8220; font_icon=&#8220;&#xf0e0;||fa||900&#8243; url=&#8220;mailto:ricambi@sportgarage.it&#8220; url_new_window=&#8220;on&#8220; _builder_version=&#8220;4.27.4&#8243; _module_preset=&#8220;default&#8220; global_colors_info=&#8220;{}&#8220;][\/dsm_icon_list_child][\/dsm_icon_list][\/et_pb_column][\/et_pb_row][\/et_pb_section]<\/p>\n","protected":false},"excerpt":{"rendered":"<p>Verkauf von AutoersatzteilenLager f\u00fcr neue und gebrauchte ErsatzteileUnser Lager f\u00fcr neue und gebrauchte Ersatzteile in Meran bietet ausgew\u00e4hlte und gepr\u00fcfte Komponenten f\u00fcr Fahrzeuge aller Marken. Wir f\u00fchren Original- und kompatible Ersatzteile, die sorgf\u00e4ltig kontrolliert werden, um Zuverl\u00e4ssigkeit und ein gutes Preis-Leistungs-Verh\u00e4ltnis zu gew\u00e4hrleisten. Unser qualifiziertes Personal unterst\u00fctzt Sie bei der Auswahl des passenden Teils und [&hellip;]<\/p>\n","protected":false},"author":1,"featured_media":0,"parent":0,"menu_order":0,"comment_status":"closed","ping_status":"closed","template":"","meta":{"_et_pb_use_builder":"on","_et_pb_old_content":"","_et_gb_content_width":"","footnotes":""},"difl_page_category":[],"class_list":["post-74170","page","type-page","status-publish","hentry"],"_links":{"self":[{"href":"https:\/\/www.sportgarage.it\/de\/wp-json\/wp\/v2\/pages\/74170","targetHints":{"allow":["GET"]}}],"collection":[{"href":"https:\/\/www.sportgarage.it\/de\/wp-json\/wp\/v2\/pages"}],"about":[{"href":"https:\/\/www.sportgarage.it\/de\/wp-json\/wp\/v2\/types\/page"}],"author":[{"embeddable":true,"href":"https:\/\/www.sportgarage.it\/de\/wp-json\/wp\/v2\/users\/1"}],"replies":[{"embeddable":true,"href":"https:\/\/www.sportgarage.it\/de\/wp-json\/wp\/v2\/comments?post=74170"}],"version-history":[{"count":2,"href":"https:\/\/www.sportgarage.it\/de\/wp-json\/wp\/v2\/pages\/74170\/revisions"}],"predecessor-version":[{"id":74172,"href":"https:\/\/www.sportgarage.it\/de\/wp-json\/wp\/v2\/pages\/74170\/revisions\/74172"}],"wp:attachment":[{"href":"https:\/\/www.sportgarage.it\/de\/wp-json\/wp\/v2\/media?parent=74170"}],"wp:term":[{"taxonomy":"difl_page_category","embeddable":true,"href":"https:\/\/www.sportgarage.it\/de\/wp-json\/wp\/v2\/difl_page_category?post=74170"}],"curies":[{"name":"wp","href":"https:\/\/api.w.org\/{rel}","templated":true}]}}