{"id":74159,"date":"2025-11-24T00:27:14","date_gmt":"2025-11-24T00:27:14","guid":{"rendered":"https:\/\/www.sportgarage.it\/noleggio\/"},"modified":"2026-05-05T12:35:55","modified_gmt":"2026-05-05T12:35:55","slug":"noleggio","status":"publish","type":"page","link":"https:\/\/www.sportgarage.it\/de\/noleggio\/","title":{"rendered":"VERMIETUNG"},"content":{"rendered":"<p>[et_pb_section fb_built=&#8220;1&#8243; admin_label=&#8220;section&#8220; _builder_version=&#8220;4.27.4&#8243; background_color=&#8220;#000000&#8243; use_background_color_gradient=&#8220;on&#8220; background_color_gradient_stops=&#8220;rgba(0,0,0,0.46) 0%|rgba(0, 0, 0, 0.53) 70%|rgba(0,0,0,0.93) 100%&#8220; background_color_gradient_overlays_image=&#8220;on&#8220; background_image=&#8220;https:\/\/www.sportgarage.it\/wp-content\/uploads\/2026\/01\/closeup-of-front-headlight-of-new-clean-car-parked-2026-01-07-02-08-07-utc.webp&#8220; background_position=&#8220;bottom_center&#8220; background_vertical_offset=&#8220;25%&#8220; custom_padding=&#8220;100px||100px||true|false&#8220; locked=&#8220;off&#8220; global_colors_info=&#8220;{}&#8220;][et_pb_row column_structure=&#8220;3_4,1_4&#8243; make_equal=&#8220;on&#8220; _builder_version=&#8220;4.27.4&#8243; width=&#8220;90%&#8220; locked=&#8220;off&#8220; global_colors_info=&#8220;{}&#8220;][et_pb_column type=&#8220;3_4&#8243; _builder_version=&#8220;4.16&#8243; custom_padding=&#8220;|||&#8220; global_colors_info=&#8220;{}&#8220; custom_padding__hover=&#8220;|||&#8220;][et_pb_text _builder_version=&#8220;4.27.6&#8243; text_font=&#8220;&#8211;et_global_body_font||||||||&#8220; text_text_color=&#8220;rgba(255,255,255,0.8)&#8220; text_font_size=&#8220;18px&#8220; text_line_height=&#8220;1.8em&#8220; header_font=&#8220;&#8211;et_global_heading_font|700||on|||||&#8220; header_text_align=&#8220;left&#8220; header_text_color=&#8220;#FFFFFF&#8220; header_font_size=&#8220;60px&#8220; header_letter_spacing=&#8220;0.01em&#8220; header_2_font=&#8220;&#8211;et_global_heading_font|500|||||||&#8220; header_2_text_align=&#8220;left&#8220; header_2_text_color=&#8220;#FFFFFF&#8220; header_2_font_size=&#8220;30px&#8220; header_2_letter_spacing=&#8220;0.01em&#8220; text_orientation=&#8220;center&#8220; max_width=&#8220;800px&#8220; module_alignment=&#8220;left&#8220; custom_margin=&#8220;||20px||false|false&#8220; custom_padding=&#8220;||||false|false&#8220; hover_enabled=&#8220;0&#8243; header_font_size_tablet=&#8220;55px&#8220; header_font_size_phone=&#8220;35px&#8220; header_font_size_last_edited=&#8220;on|phone&#8220; header_letter_spacing_tablet=&#8220;0.01em&#8220; header_letter_spacing_phone=&#8220;0em&#8220; header_letter_spacing_last_edited=&#8220;on|phone&#8220; header_2_font_size_tablet=&#8220;&#8220; header_2_font_size_phone=&#8220;25px&#8220; header_2_font_size_last_edited=&#8220;on|phone&#8220; header_2_letter_spacing_tablet=&#8220;0.01em&#8220; header_2_letter_spacing_phone=&#8220;0em&#8220; header_2_letter_spacing_last_edited=&#8220;on|phone&#8220; header_2_line_height_tablet=&#8220;&#8220; header_2_line_height_phone=&#8220;1.2em&#8220; header_2_line_height_last_edited=&#8220;on|phone&#8220; global_colors_info=&#8220;{}&#8220; sticky_enabled=&#8220;0&#8243;]<\/p>\n<h1>Autovermietung<\/h1>\n<p><\/p>\n<h2>Fahrzeuge f\u00fcr alle Ihre Bed\u00fcrfnisse<\/h2>\n<p>[\/et_pb_text][et_pb_divider divider_weight=&#8220;5px&#8220; _builder_version=&#8220;4.27.4&#8243; _module_preset=&#8220;default&#8220; width=&#8220;150px&#8220; custom_margin=&#8220;0px||0px||true|false&#8220; custom_padding=&#8220;0px||0px||false|false&#8220; global_colors_info=&#8220;{}&#8220;][\/et_pb_divider][et_pb_text _builder_version=&#8220;4.27.4&#8243; text_font=&#8220;&#8211;et_global_body_font||||||||&#8220; text_font_size=&#8220;18px&#8220; text_line_height=&#8220;1.6em&#8220; header_font=&#8220;||||||||&#8220; background_layout=&#8220;dark&#8220; custom_margin=&#8220;|||10vw|false|false&#8220; custom_margin_tablet=&#8220;|0vw||0px&#8220; custom_margin_phone=&#8220;&#8220; custom_margin_last_edited=&#8220;on|tablet&#8220; animation_style=&#8220;slide&#8220; animation_direction=&#8220;left&#8220; animation_intensity_slide=&#8220;10%&#8220; locked=&#8220;off&#8220; global_colors_info=&#8220;{}&#8220;]<\/p>\n<p>Wir bieten Ihnen eine Auswahl an Fahrzeugen zur Miete f\u00fcr einen Tag, mehrere Tage oder ganz nach Ihren Bed\u00fcrfnissen. Alle unsere Mietfahrzeuge sind vollkaskoversichert und werden regelm\u00e4\u00dfig in unserer Werkstatt \u00fcberpr\u00fcft.<\/p>\n<p><span>F\u00fcr unsere Kunden, die uns die Reparatur ihres Fahrzeugs anvertrauen, gilt ein spezieller Werkstatttarif.<\/span><\/p>\n<p>[\/et_pb_text][\/et_pb_column][et_pb_column type=&#8220;1_4&#8243; _builder_version=&#8220;4.27.4&#8243; custom_padding=&#8220;|||&#8220; custom_css_main_element=&#8220;margin: auto;&#8220; global_colors_info=&#8220;{}&#8220; custom_padding__hover=&#8220;|||&#8220;][et_pb_button button_url=&#8220;@ET-DC@eyJkeW5hbWljIjp0cnVlLCJjb250ZW50IjoicG9zdF9saW5rX3VybF9wYWdlIiwic2V0dGluZ3MiOnsicG9zdF9pZCI6IjQ3In19@&#8220; button_text=&#8220;Kontaktieren Sie uns&#8220; button_alignment=&#8220;center&#8220; _builder_version=&#8220;4.27.4&#8243; _dynamic_attributes=&#8220;button_url&#8220; custom_button=&#8220;on&#8220; button_text_size=&#8220;16px&#8220; button_text_color=&#8220;#000000&#8243; button_bg_color=&#8220;#FAB500&#8243; button_border_width=&#8220;8px&#8220; button_border_color=&#8220;#FAB500&#8243; button_border_radius=&#8220;0px&#8220; button_letter_spacing=&#8220;1px&#8220; button_font=&#8220;&#8211;et_global_heading_font|600||on|||||&#8220; button_icon=&#8220;&#x24;||divi||400&#8243; custom_margin=&#8220;||0px||false|false&#8220; custom_padding=&#8220;|60px||60px||true&#8220; animation_style=&#8220;fold&#8220; box_shadow_style=&#8220;preset2&#8243; box_shadow_horizontal=&#8220;0px&#8220; box_shadow_vertical=&#8220;30px&#8220; box_shadow_blur=&#8220;110px&#8220; box_shadow_spread=&#8220;14px&#8220; box_shadow_color=&#8220;rgba(152,165,181,0.6)&#8220; locked=&#8220;off&#8220; global_colors_info=&#8220;{}&#8220; button_text_size__hover_enabled=&#8220;off&#8220; button_one_text_size__hover_enabled=&#8220;off&#8220; button_two_text_size__hover_enabled=&#8220;off&#8220; button_text_color__hover_enabled=&#8220;on|hover&#8220; button_one_text_color__hover_enabled=&#8220;off&#8220; button_two_text_color__hover_enabled=&#8220;off&#8220; button_border_width__hover_enabled=&#8220;off&#8220; button_one_border_width__hover_enabled=&#8220;off&#8220; button_two_border_width__hover_enabled=&#8220;off&#8220; button_border_color__hover_enabled=&#8220;on|hover&#8220; button_one_border_color__hover_enabled=&#8220;off&#8220; button_two_border_color__hover_enabled=&#8220;off&#8220; button_border_radius__hover_enabled=&#8220;off&#8220; button_one_border_radius__hover_enabled=&#8220;off&#8220; button_two_border_radius__hover_enabled=&#8220;off&#8220; button_letter_spacing__hover_enabled=&#8220;off&#8220; button_one_letter_spacing__hover_enabled=&#8220;off&#8220; button_two_letter_spacing__hover_enabled=&#8220;off&#8220; button_bg_color__hover_enabled=&#8220;on|hover&#8220; button_one_bg_color__hover_enabled=&#8220;off&#8220; button_two_bg_color__hover_enabled=&#8220;off&#8220; button_border_color__hover=&#8220;#FFFFFF&#8220; button_bg_color__hover=&#8220;#FFFFFF&#8220; button_bg_enable_color__hover=&#8220;on&#8220; button_text_color__hover=&#8220;#FAB500&#8243;][\/et_pb_button][\/et_pb_column][\/et_pb_row][\/et_pb_section][et_pb_section fb_built=&#8220;1&#8243; custom_padding_last_edited=&#8220;on|phone&#8220; _builder_version=&#8220;4.27.4&#8243; _module_preset=&#8220;default&#8220; custom_padding=&#8220;120px||||false|false&#8220; custom_padding_tablet=&#8220;100px||||false|false&#8220; custom_padding_phone=&#8220;80px||||false|false&#8220; global_colors_info=&#8220;{}&#8220;][et_pb_row admin_label=&#8220;Unser Team&#8220; _builder_version=&#8220;4.27.4&#8243; max_width=&#8220;700px&#8220; module_alignment=&#8220;center&#8220; custom_margin=&#8220;||40px||false|false&#8220; custom_margin_tablet=&#8220;||40px||false|false&#8220; custom_margin_phone=&#8220;||40px||false|false&#8220; custom_margin_last_edited=&#8220;on|phone&#8220; custom_padding=&#8220;|||&#8220; use_custom_width=&#8220;on&#8220; custom_width_px=&#8220;700px&#8220; locked=&#8220;off&#8220; global_colors_info=&#8220;{}&#8220;][et_pb_column type=&#8220;4_4&#8243; _builder_version=&#8220;4.16&#8243; custom_padding=&#8220;|||&#8220; global_colors_info=&#8220;{}&#8220; custom_padding__hover=&#8220;|||&#8220;][et_pb_text admin_label=&#8220;Title&#8220; _builder_version=&#8220;4.27.4&#8243; text_font=&#8220;&#8211;et_global_body_font||||||||&#8220; text_font_size=&#8220;20px&#8220; text_line_height=&#8220;1.6em&#8220; header_font=&#8220;||||||||&#8220; header_2_font=&#8220;&#8211;et_global_heading_font|700||on|||||&#8220; header_2_font_size=&#8220;60px&#8220; header_2_letter_spacing=&#8220;0.01em&#8220; header_3_font=&#8220;&#8211;et_global_heading_font|700||on|||||&#8220; header_3_font_size=&#8220;60px&#8220; header_3_letter_spacing=&#8220;0.01em&#8220; header_3_line_height=&#8220;1.4em&#8220; text_orientation=&#8220;center&#8220; max_width=&#8220;700px&#8220; module_alignment=&#8220;center&#8220; custom_margin=&#8220;||0px|&#8220; header_2_font_size_tablet=&#8220;45px&#8220; header_2_font_size_phone=&#8220;35px&#8220; header_2_font_size_last_edited=&#8220;on|phone&#8220; header_2_letter_spacing_tablet=&#8220;0.01em&#8220; header_2_letter_spacing_phone=&#8220;0em&#8220; header_2_letter_spacing_last_edited=&#8220;on|phone&#8220; header_2_line_height_tablet=&#8220;&#8220; header_2_line_height_phone=&#8220;1.2em&#8220; header_2_line_height_last_edited=&#8220;on|phone&#8220; header_3_font_size_tablet=&#8220;45px&#8220; header_3_font_size_phone=&#8220;35px&#8220; header_3_font_size_last_edited=&#8220;on|phone&#8220; header_3_letter_spacing_tablet=&#8220;0.01em&#8220; header_3_letter_spacing_phone=&#8220;0em&#8220; header_3_letter_spacing_last_edited=&#8220;on|phone&#8220; header_3_line_height_tablet=&#8220;1.4em&#8220; header_3_line_height_phone=&#8220;1.2em&#8220; header_3_line_height_last_edited=&#8220;on|phone&#8220; locked=&#8220;off&#8220; global_colors_info=&#8220;{}&#8220;]<\/p>\n<h2>Autovermietung<\/h2>\n<p>Wir bieten einen flexiblen und zuverl\u00e4ssigen Autovermietungsservice mit stets gepr\u00fcften Fahrzeugen und ma\u00dfgeschneiderten L\u00f6sungen f\u00fcr jeden Mobilit\u00e4tsbedarf \u2013 sowohl f\u00fcr kurze als auch f\u00fcr l\u00e4ngere Zeitr\u00e4ume.<\/p>\n<p>[\/et_pb_text][\/et_pb_column][\/et_pb_row][et_pb_row use_custom_gutter=&#8220;on&#8220; gutter_width=&#8220;2&#8243; admin_label=&#8220;row&#8220; _builder_version=&#8220;4.27.4&#8243; width=&#8220;90%&#8220; custom_padding=&#8220;0|0px|27px|0px|false|false&#8220; global_colors_info=&#8220;{}&#8220;][et_pb_column type=&#8220;4_4&#8243; _builder_version=&#8220;4.16&#8243; custom_padding=&#8220;|||&#8220; global_colors_info=&#8220;{}&#8220; custom_padding__hover=&#8220;|||&#8220;][et_pb_portfolio fullwidth=&#8220;off&#8220; posts_number=&#8220;8&#8243; include_categories=&#8220;11&#8243; zoom_icon_color=&#8220;RGBA(255,255,255,0)&#8220; hover_overlay_color=&#8220;rgba(0,0,0,0.3)&#8220; disabled_on=&#8220;off|off|off&#8220; _builder_version=&#8220;4.27.6&#8243; _module_preset=&#8220;default&#8220; title_level=&#8220;h3&#8243; title_font=&#8220;&#8211;et_global_heading_font||||||||&#8220; title_font_size=&#8220;20px&#8220; custom_css_portfolio_image=&#8220;padding-bottom: 20px;&#8220; global_colors_info=&#8220;{}&#8220;][\/et_pb_portfolio][difl_cptcarousel post_type=&#8220;project&#8220; post_display=&#8220;by_tax&#8220; tax_for_project=&#8220;project_category&#8220; project_terms_project_category=&#8220;11&#8243; arrow_color=&#8220;#515151&#8243; disabled_on=&#8220;on|on|on&#8220; _builder_version=&#8220;4.27.6&#8243; _module_preset=&#8220;default&#8220; disabled=&#8220;on&#8220; global_colors_info=&#8220;{}&#8220; arrow_color__hover_enabled=&#8220;on|desktop&#8220; arrow_color__hover=&#8220;#FAB500&#8243;][difl_cptitem type=&#8220;image&#8220; _builder_version=&#8220;4.27.4&#8243; _dynamic_attributes=&#8220;link_option_url&#8220; _module_preset=&#8220;default&#8220; link_option_url=&#8220;@ET-DC@eyJkeW5hbWljIjp0cnVlLCJjb250ZW50IjoicG9zdF9saW5rX3VybCIsInNldHRpbmdzIjp7fX0=@&#8220; global_colors_info=&#8220;{}&#8220;][\/difl_cptitem][difl_cptitem type=&#8220;title&#8220; title_tag=&#8220;h3&#8243; element_margin=&#8220;30px||||false|false&#8220; _builder_version=&#8220;4.27.4&#8243; _dynamic_attributes=&#8220;link_option_url&#8220; _module_preset=&#8220;default&#8220; body_font=&#8220;&#8211;et_global_heading_font|600|||||||&#8220; body_text_color=&#8220;#000000&#8243; body_font_size=&#8220;21px&#8220; link_option_url=&#8220;@ET-DC@eyJkeW5hbWljIjp0cnVlLCJjb250ZW50IjoicG9zdF9saW5rX3VybCIsInNldHRpbmdzIjp7fX0=@&#8220; global_colors_info=&#8220;{}&#8220; body_text_color__hover_enabled=&#8220;on|desktop&#8220; body_text_color__hover=&#8220;#FAB500&#8243;][\/difl_cptitem][difl_cptitem type=&#8220;taxonomy&#8220; post_type=&#8220;project&#8220; tax_for_project=&#8220;project_category&#8220; _builder_version=&#8220;4.27.4&#8243; _dynamic_attributes=&#8220;link_option_url&#8220; _module_preset=&#8220;default&#8220; body_text_color=&#8220;#757575&#8243; link_option_url=&#8220;@ET-DC@eyJkeW5hbWljIjp0cnVlLCJjb250ZW50IjoicG9zdF9saW5rX3VybF9wcm9qZWN0Iiwic2V0dGluZ3MiOnsicG9zdF9pZCI6IjcxNTQ2In19@&#8220; global_colors_info=&#8220;{}&#8220; body_text_color__hover_enabled=&#8220;on|hover&#8220; body_text_color__hover=&#8220;#FAB500&#8243;][\/difl_cptitem][difl_cptitem type=&#8220;content&#8220; use_post_excrpt=&#8220;on&#8220; excerpt_length=&#8220;100&#8243; _builder_version=&#8220;4.27.4&#8243; _module_preset=&#8220;default&#8220; global_colors_info=&#8220;{}&#8220;][\/difl_cptitem][\/difl_cptcarousel][\/et_pb_column][\/et_pb_row][\/et_pb_section][et_pb_section fb_built=&#8220;1&#8243; custom_padding_last_edited=&#8220;on|tablet&#8220; _builder_version=&#8220;4.27.4&#8243; _module_preset=&#8220;default&#8220; custom_padding_tablet=&#8220;||0px||false|false&#8220; custom_padding_phone=&#8220;||0px||false|false&#8220; global_colors_info=&#8220;{}&#8220;][et_pb_row column_structure=&#8220;1_2,1_2&#8243; admin_label=&#8220;More Info Area&#8220; _builder_version=&#8220;4.27.4&#8243; width=&#8220;90%&#8220; custom_padding=&#8220;0|0px|27px|0px|false|false&#8220; use_custom_width=&#8220;on&#8220; width_unit=&#8220;off&#8220; custom_width_percent=&#8220;78%&#8220; locked=&#8220;off&#8220; global_colors_info=&#8220;{}&#8220;][et_pb_column type=&#8220;1_2&#8243; _builder_version=&#8220;4.27.4&#8243; custom_padding=&#8220;||||false|false&#8220; custom_padding_tablet=&#8220;||50px||false|false&#8220; custom_padding_phone=&#8220;||50px||false|false&#8220; custom_padding_last_edited=&#8220;on|phone&#8220; global_colors_info=&#8220;{}&#8220; custom_padding__hover=&#8220;|||&#8220;][et_pb_text admin_label=&#8220;Title&#8220; _builder_version=&#8220;4.27.4&#8243; text_font=&#8220;&#8211;et_global_body_font||||||||&#8220; text_font_size=&#8220;18px&#8220; text_line_height=&#8220;1.8em&#8220; header_font=&#8220;||||||||&#8220; header_2_font=&#8220;&#8211;et_global_heading_font|700||on|||||&#8220; header_2_font_size=&#8220;60px&#8220; header_2_letter_spacing=&#8220;0.01em&#8220; header_3_font=&#8220;&#8211;et_global_heading_font|700||on|||||&#8220; header_3_font_size=&#8220;50px&#8220; header_3_letter_spacing=&#8220;0.01em&#8220; header_3_line_height=&#8220;1.1em&#8220; max_width=&#8220;800px&#8220; module_alignment=&#8220;center&#8220; custom_margin=&#8220;|||&#8220; header_2_font_size_tablet=&#8220;45px&#8220; header_2_font_size_phone=&#8220;35px&#8220; header_2_font_size_last_edited=&#8220;on|phone&#8220; header_2_letter_spacing_tablet=&#8220;0.01em&#8220; header_2_letter_spacing_phone=&#8220;0em&#8220; header_2_letter_spacing_last_edited=&#8220;on|phone&#8220; header_2_line_height_tablet=&#8220;&#8220; header_2_line_height_phone=&#8220;1.2em&#8220; header_2_line_height_last_edited=&#8220;on|phone&#8220; header_3_font_size_tablet=&#8220;45px&#8220; header_3_font_size_phone=&#8220;30px&#8220; header_3_font_size_last_edited=&#8220;on|phone&#8220; header_3_letter_spacing_tablet=&#8220;0.01em&#8220; header_3_letter_spacing_phone=&#8220;0em&#8220; header_3_letter_spacing_last_edited=&#8220;on|phone&#8220; header_3_line_height_tablet=&#8220;1.1em&#8220; header_3_line_height_phone=&#8220;1.2em&#8220; header_3_line_height_last_edited=&#8220;on|phone&#8220; global_colors_info=&#8220;{}&#8220;]<\/p>\n<h3>Sichere und flexible Autovermietung<\/h3>\n<p>[\/et_pb_text][et_pb_text admin_label=&#8220;Title&#8220; _builder_version=&#8220;4.27.4&#8243; text_font=&#8220;&#8211;et_global_body_font||||||||&#8220; text_font_size=&#8220;18px&#8220; text_line_height=&#8220;1.8em&#8220; header_font=&#8220;||||||||&#8220; header_2_font=&#8220;&#8211;et_global_heading_font|700||on|||||&#8220; header_2_font_size=&#8220;60px&#8220; header_2_letter_spacing=&#8220;0.01em&#8220; header_3_font=&#8220;&#8211;et_global_heading_font|700||on|||||&#8220; header_3_font_size=&#8220;60px&#8220; header_3_letter_spacing=&#8220;0.01em&#8220; max_width=&#8220;800px&#8220; module_alignment=&#8220;center&#8220; custom_margin=&#8220;|||&#8220; header_2_font_size_tablet=&#8220;45px&#8220; header_2_font_size_phone=&#8220;35px&#8220; header_2_font_size_last_edited=&#8220;on|phone&#8220; header_2_letter_spacing_tablet=&#8220;0.01em&#8220; header_2_letter_spacing_phone=&#8220;0em&#8220; header_2_letter_spacing_last_edited=&#8220;on|phone&#8220; header_2_line_height_tablet=&#8220;&#8220; header_2_line_height_phone=&#8220;1.2em&#8220; header_2_line_height_last_edited=&#8220;on|phone&#8220; header_3_font_size_tablet=&#8220;45px&#8220; header_3_font_size_phone=&#8220;35px&#8220; header_3_font_size_last_edited=&#8220;on|phone&#8220; header_3_letter_spacing_tablet=&#8220;0.01em&#8220; header_3_letter_spacing_phone=&#8220;0em&#8220; header_3_letter_spacing_last_edited=&#8220;on|phone&#8220; header_3_line_height_tablet=&#8220;&#8220; header_3_line_height_phone=&#8220;1.2em&#8220; header_3_line_height_last_edited=&#8220;on|phone&#8220; global_colors_info=&#8220;{}&#8220;]<\/p>\n<p><strong>Unsere Mietfahrzeuge<\/strong><\/p>\n<p>Ben\u00f6tigen Sie einen Transporter f\u00fcr einen Umzug oder m\u00f6chten Sie einen Kleinwagen f\u00fcr einen Tag mieten, um die Umgebung zu erkunden? Bei uns finden Sie die passende L\u00f6sung f\u00fcr jeden Bedarf und k\u00f6nnen sich auf ein zuverl\u00e4ssiges Fahrzeug verlassen.<\/p>\n<p>Wir sind flexibel \u2013 bei uns k\u00f6nnen Sie ein Fahrzeug f\u00fcr einen Tag, ein Wochenende, mehrere Wochen oder sogar Monate mieten. Alle angebotenen Fahrzeuge sind vollkaskoversichert und werden regelm\u00e4\u00dfig von unserem qualifizierten Personal \u00fcberpr\u00fcft und gewartet. F\u00fcr maximalen Komfort sorgen wir zudem f\u00fcr eine gr\u00fcndliche und professionelle Reinigung, die von unserem Team mit speziellen und hochwertigen Produkten durchgef\u00fchrt wird.<\/p>\n<p>[\/et_pb_text][et_pb_button button_url=&#8220;@ET-DC@eyJkeW5hbWljIjp0cnVlLCJjb250ZW50IjoicG9zdF9saW5rX3VybF9wYWdlIiwic2V0dGluZ3MiOnsicG9zdF9pZCI6IjQ3In19@&#8220; button_text=&#8220;Angebot anfordern&#8220; _builder_version=&#8220;4.27.4&#8243; _dynamic_attributes=&#8220;button_url&#8220; custom_button=&#8220;on&#8220; button_text_size=&#8220;16px&#8220; button_text_color=&#8220;#000000&#8243; button_bg_color=&#8220;#FAB500&#8243; button_border_width=&#8220;8px&#8220; button_border_color=&#8220;#FAB500&#8243; button_border_radius=&#8220;0px&#8220; button_letter_spacing=&#8220;1px&#8220; button_font=&#8220;&#8211;et_global_heading_font|600||on|||||&#8220; button_icon=&#8220;&#x24;||divi||400&#8243; custom_margin=&#8220;||0px||false|false&#8220; custom_padding=&#8220;|60px||60px||true&#8220; animation_style=&#8220;fold&#8220; box_shadow_style=&#8220;preset2&#8243; box_shadow_horizontal=&#8220;0px&#8220; box_shadow_vertical=&#8220;25px&#8220; box_shadow_blur=&#8220;60px&#8220; box_shadow_spread=&#8220;10px&#8220; box_shadow_color=&#8220;rgba(152,165,181,0.2)&#8220; locked=&#8220;off&#8220; global_colors_info=&#8220;{}&#8220; button_text_size__hover_enabled=&#8220;off&#8220; button_one_text_size__hover_enabled=&#8220;off&#8220; button_two_text_size__hover_enabled=&#8220;off&#8220; button_text_color__hover_enabled=&#8220;on|hover&#8220; button_one_text_color__hover_enabled=&#8220;off&#8220; button_two_text_color__hover_enabled=&#8220;off&#8220; button_border_width__hover_enabled=&#8220;off&#8220; button_one_border_width__hover_enabled=&#8220;off&#8220; button_two_border_width__hover_enabled=&#8220;off&#8220; button_border_color__hover_enabled=&#8220;on|hover&#8220; button_one_border_color__hover_enabled=&#8220;off&#8220; button_two_border_color__hover_enabled=&#8220;off&#8220; button_border_radius__hover_enabled=&#8220;off&#8220; button_one_border_radius__hover_enabled=&#8220;off&#8220; button_two_border_radius__hover_enabled=&#8220;off&#8220; button_letter_spacing__hover_enabled=&#8220;off&#8220; button_one_letter_spacing__hover_enabled=&#8220;off&#8220; button_two_letter_spacing__hover_enabled=&#8220;off&#8220; button_bg_color__hover_enabled=&#8220;on|hover&#8220; button_one_bg_color__hover_enabled=&#8220;off&#8220; button_two_bg_color__hover_enabled=&#8220;off&#8220; button_border_color__hover=&#8220;#FFFFFF&#8220; button_bg_color__hover=&#8220;#FFFFFF&#8220; button_bg_enable_color__hover=&#8220;on&#8220; button_text_color__hover=&#8220;#000000&#8243;][\/et_pb_button][\/et_pb_column][et_pb_column type=&#8220;1_2&#8243; _builder_version=&#8220;4.16&#8243; custom_padding=&#8220;|||&#8220; global_colors_info=&#8220;{}&#8220; custom_padding__hover=&#8220;|||&#8220;][et_pb_text admin_label=&#8220;Title&#8220; _builder_version=&#8220;4.27.4&#8243; text_font=&#8220;&#8211;et_global_body_font||||||||&#8220; text_font_size=&#8220;18px&#8220; text_line_height=&#8220;1.8em&#8220; header_font=&#8220;||||||||&#8220; header_2_font=&#8220;&#8211;et_global_heading_font|700||on|||||&#8220; header_2_font_size=&#8220;60px&#8220; header_2_letter_spacing=&#8220;0.01em&#8220; header_3_font=&#8220;&#8211;et_global_heading_font|700||on|||||&#8220; header_3_font_size=&#8220;60px&#8220; header_3_letter_spacing=&#8220;0.01em&#8220; header_4_font=&#8220;&#8211;et_global_heading_font|700|||||||&#8220; header_4_font_size=&#8220;30px&#8220; header_4_letter_spacing=&#8220;0.01em&#8220; header_4_line_height=&#8220;1.2em&#8220; max_width=&#8220;800px&#8220; module_alignment=&#8220;center&#8220; custom_margin=&#8220;|||&#8220; header_2_font_size_tablet=&#8220;45px&#8220; header_2_font_size_phone=&#8220;35px&#8220; header_2_font_size_last_edited=&#8220;on|phone&#8220; header_2_letter_spacing_tablet=&#8220;0.01em&#8220; header_2_letter_spacing_phone=&#8220;0em&#8220; header_2_letter_spacing_last_edited=&#8220;on|phone&#8220; header_2_line_height_tablet=&#8220;&#8220; header_2_line_height_phone=&#8220;1.2em&#8220; header_2_line_height_last_edited=&#8220;on|phone&#8220; header_3_font_size_tablet=&#8220;45px&#8220; header_3_font_size_phone=&#8220;35px&#8220; header_3_font_size_last_edited=&#8220;on|phone&#8220; header_3_letter_spacing_tablet=&#8220;0.01em&#8220; header_3_letter_spacing_phone=&#8220;0em&#8220; header_3_letter_spacing_last_edited=&#8220;on|phone&#8220; header_3_line_height_tablet=&#8220;&#8220; header_3_line_height_phone=&#8220;1.2em&#8220; header_3_line_height_last_edited=&#8220;on|phone&#8220; header_4_font_size_tablet=&#8220;&#8220; header_4_font_size_phone=&#8220;20px&#8220; header_4_font_size_last_edited=&#8220;on|phone&#8220; header_4_letter_spacing_tablet=&#8220;0.01em&#8220; header_4_letter_spacing_phone=&#8220;0em&#8220; header_4_letter_spacing_last_edited=&#8220;on|phone&#8220; header_4_line_height_tablet=&#8220;1.2em&#8220; header_4_line_height_phone=&#8220;1.2em&#8220; header_4_line_height_last_edited=&#8220;on|phone&#8220; global_colors_info=&#8220;{}&#8220;]<\/p>\n<h4>Kontaktieren Sie uns, um eine Anmietung anzufragen oder weitere Informationen zu erhalten<\/h4>\n<p>F\u00fcr unsere Kunden, die uns die Reparatur ihres Fahrzeugs anvertrauen, gilt ein spezieller Werkstatttarif.<\/p>\n<p>[\/et_pb_text][et_pb_text _builder_version=&#8220;4.27.6&#8243; _module_preset=&#8220;default&#8220; text_font=&#8220;&#8211;et_global_body_font||||||||&#8220; text_font_size=&#8220;17px&#8220; text_line_height=&#8220;1.8em&#8220; custom_margin=&#8220;||20px||false|false&#8220; custom_padding=&#8220;||||false|false&#8220; global_colors_info=&#8220;{}&#8220;]<\/p>\n<p>Vermietungsabteilung:<br \/>Mandolesi Tommaso<\/p>\n<p>[\/et_pb_text][dsm_icon_list icon_gap_width=&#8220;1.3em&#8220; icon_font_size=&#8220;16px&#8220; list_space_between=&#8220;7px&#8220; _builder_version=&#8220;4.27.4&#8243; _module_preset=&#8220;default&#8220; text_text_color=&#8220;#000000&#8243; text_font_size=&#8220;17px&#8220; global_colors_info=&#8220;{}&#8220; text_text_color__hover_enabled=&#8220;on|desktop&#8220; text_text_color__hover=&#8220;#FAB500&#8243;][dsm_icon_list_child text=&#8220;+39 0473 273 300&#8243; font_icon=&#8220;&#xf879;||fa||900&#8243; url=&#8220;tel:+390473273300&#8243; url_new_window=&#8220;on&#8220; _builder_version=&#8220;4.27.4&#8243; _module_preset=&#8220;default&#8220; text_text_color=&#8220;#000000&#8243; global_colors_info=&#8220;{}&#8220; text_text_color__hover_enabled=&#8220;on|desktop&#8220; text_text_color__hover=&#8220;#000000&#8243;][\/dsm_icon_list_child][dsm_icon_list_child text=&#8220;rentacar@sportgarage.it&#8220; font_icon=&#8220;&#xf0e0;||fa||900&#8243; url=&#8220;mailto:rentacar@sportgarage.it&#8220; url_new_window=&#8220;on&#8220; _builder_version=&#8220;4.27.4&#8243; _module_preset=&#8220;default&#8220; global_colors_info=&#8220;{}&#8220;][\/dsm_icon_list_child][\/dsm_icon_list][\/et_pb_column][\/et_pb_row][\/et_pb_section]<\/p>\n","protected":false},"excerpt":{"rendered":"<p>AutovermietungFahrzeuge f\u00fcr alle Ihre Bed\u00fcrfnisseWir bieten Ihnen eine Auswahl an Fahrzeugen zur Miete f\u00fcr einen Tag, mehrere Tage oder ganz nach Ihren Bed\u00fcrfnissen. Alle unsere Mietfahrzeuge sind vollkaskoversichert und werden regelm\u00e4\u00dfig in unserer Werkstatt \u00fcberpr\u00fcft. F\u00fcr unsere Kunden, die uns die Reparatur ihres Fahrzeugs anvertrauen, gilt ein spezieller Werkstatttarif.Autovermietung Wir bieten einen flexiblen und zuverl\u00e4ssigen [&hellip;]<\/p>\n","protected":false},"author":1,"featured_media":0,"parent":0,"menu_order":0,"comment_status":"closed","ping_status":"closed","template":"","meta":{"_et_pb_use_builder":"on","_et_pb_old_content":"","_et_gb_content_width":"","footnotes":""},"difl_page_category":[],"class_list":["post-74159","page","type-page","status-publish","hentry"],"_links":{"self":[{"href":"https:\/\/www.sportgarage.it\/de\/wp-json\/wp\/v2\/pages\/74159","targetHints":{"allow":["GET"]}}],"collection":[{"href":"https:\/\/www.sportgarage.it\/de\/wp-json\/wp\/v2\/pages"}],"about":[{"href":"https:\/\/www.sportgarage.it\/de\/wp-json\/wp\/v2\/types\/page"}],"author":[{"embeddable":true,"href":"https:\/\/www.sportgarage.it\/de\/wp-json\/wp\/v2\/users\/1"}],"replies":[{"embeddable":true,"href":"https:\/\/www.sportgarage.it\/de\/wp-json\/wp\/v2\/comments?post=74159"}],"version-history":[{"count":7,"href":"https:\/\/www.sportgarage.it\/de\/wp-json\/wp\/v2\/pages\/74159\/revisions"}],"predecessor-version":[{"id":74286,"href":"https:\/\/www.sportgarage.it\/de\/wp-json\/wp\/v2\/pages\/74159\/revisions\/74286"}],"wp:attachment":[{"href":"https:\/\/www.sportgarage.it\/de\/wp-json\/wp\/v2\/media?parent=74159"}],"wp:term":[{"taxonomy":"difl_page_category","embeddable":true,"href":"https:\/\/www.sportgarage.it\/de\/wp-json\/wp\/v2\/difl_page_category?post=74159"}],"curies":[{"name":"wp","href":"https:\/\/api.w.org\/{rel}","templated":true}]}}